{"id":2,"date":"2025-05-14T08:11:13","date_gmt":"2025-05-14T08:11:13","guid":{"rendered":"https:\/\/classic-homes.se\/?page_id=2"},"modified":"2025-11-24T18:31:54","modified_gmt":"2025-11-24T18:31:54","slug":"sample-page","status":"publish","type":"page","link":"https:\/\/classic-homes.se\/","title":{"rendered":"Classic Homes"},"content":{"rendered":"\n<p>Classic Homes \u00e4r en livsstilsbutik skapad med passion f\u00f6r det som g\u00f6r vardagen varm och personlig. H\u00e4r hittar du inredning som skapar harmoni i hemmet, kl\u00e4der f\u00f6r otroliga kvinnor som vill k\u00e4nna sig b\u00e5de bekv\u00e4ma och sj\u00e4lvs\u00e4kra, samt delikata godsaker som g\u00f6r varje stund lite mer speciell.&nbsp;<\/p>\n\n\n\n<p>Vi tror p\u00e5 kvalit\u00e9, k\u00e4nsla och personliga detaljer- d\u00e4rf\u00f6r v\u00e4ljer vi varje produkt med omsorg. V\u00e5r vision \u00e4r att inspirera dig att skapa ett hem och en stil som speglar din personlighet, och att ge dig sm\u00e5 stunder av gl\u00e4dje och njutning i livet.&nbsp;<\/p>\n\n\n\n<p>V\u00e4lkommen in till oss &#8211; vi ser fram emot att m\u00f6ta dig och dela v\u00e5r passion.&nbsp;<\/p>\n\n\n\n<center><iframe src=\"https:\/\/www.google.com\/maps\/embed?pb=!1m18!1m12!1m3!1d3328.3507051143383!2d18.701987378043096!3d59.756589674824056!2m3!1f0!2f0!3f0!3m2!1i1024!2i768!4f13.1!3m3!1m2!1s0x465ff64c8a48a3d9%3A0x2919e90344f9ff6f!2sPosthusgatan%2010%2C%20761%2030%20Norrt%C3%A4lje!5e1!3m2!1sen!2sse!4v1747844407349!5m2!1sen!2sse\" width=\"600\" height=\"450\" style=\"border:0;\" allowfullscreen=\"\" loading=\"lazy\" referrerpolicy=\"no-referrer-when-downgrade\"><\/iframe><\/center>\n\n\n\n<p><\/p>\n","protected":false},"excerpt":{"rendered":"<p>Classic Homes \u00e4r en livsstilsbutik skapad med passion f\u00f6r det som g\u00f6r vardagen varm och personlig. H\u00e4r hittar du inredning som skapar harmoni i hemmet, kl\u00e4der f\u00f6r otroliga kvinnor som vill k\u00e4nna sig b\u00e5de bekv\u00e4ma och sj\u00e4lvs\u00e4kra, samt delikata godsaker som g\u00f6r varje stund lite mer speciell.&nbsp; Vi tror p\u00e5 kvalit\u00e9, k\u00e4nsla och personliga detaljer- [&hellip;]<\/p>\n","protected":false},"author":1,"featured_media":0,"parent":0,"menu_order":0,"comment_status":"closed","ping_status":"open","template":"","meta":{"footnotes":""},"class_list":["post-2","page","type-page","status-publish","hentry"],"yoast_head":"<!-- This site is optimized with the Yoast SEO plugin v27.2 - https:\/\/yoast.com\/product\/yoast-seo-wordpress\/ -->\n<title>Classic Homes - CH - Classic Homes<\/title>\n<meta name=\"robots\" content=\"index, follow, max-snippet:-1, max-image-preview:large, max-video-preview:-1\" \/>\n<link rel=\"canonical\" href=\"https:\/\/classic-homes.se\/\" \/>\n<meta property=\"og:locale\" content=\"sv_SE\" \/>\n<meta property=\"og:type\" content=\"article\" \/>\n<meta property=\"og:title\" content=\"Classic Homes - CH - Classic Homes\" \/>\n<meta property=\"og:description\" content=\"Classic Homes \u00e4r en livsstilsbutik skapad med passion f\u00f6r det som g\u00f6r vardagen varm och personlig. H\u00e4r hittar du inredning som skapar harmoni i hemmet, kl\u00e4der f\u00f6r otroliga kvinnor som vill k\u00e4nna sig b\u00e5de bekv\u00e4ma och sj\u00e4lvs\u00e4kra, samt delikata godsaker som g\u00f6r varje stund lite mer speciell.&nbsp; Vi tror p\u00e5 kvalit\u00e9, k\u00e4nsla och personliga detaljer- [&hellip;]\" \/>\n<meta property=\"og:url\" content=\"https:\/\/classic-homes.se\/\" \/>\n<meta property=\"og:site_name\" content=\"CH - Classic Homes\" \/>\n<meta property=\"article:modified_time\" content=\"2025-11-24T18:31:54+00:00\" \/>\n<meta name=\"twitter:card\" content=\"summary_large_image\" \/>\n<meta name=\"twitter:label1\" content=\"Ber\u00e4knad l\u00e4stid\" \/>\n\t<meta name=\"twitter:data1\" content=\"1 minut\" \/>\n<script type=\"application\/ld+json\" class=\"yoast-schema-graph\">{\"@context\":\"https:\/\/schema.org\",\"@graph\":[{\"@type\":\"WebPage\",\"@id\":\"https:\/\/classic-homes.se\/\",\"url\":\"https:\/\/classic-homes.se\/\",\"name\":\"Classic Homes - CH - Classic Homes\",\"isPartOf\":{\"@id\":\"https:\/\/classic-homes.se\/#website\"},\"datePublished\":\"2025-05-14T08:11:13+00:00\",\"dateModified\":\"2025-11-24T18:31:54+00:00\",\"breadcrumb\":{\"@id\":\"https:\/\/classic-homes.se\/#breadcrumb\"},\"inLanguage\":\"sv-SE\",\"potentialAction\":[{\"@type\":\"ReadAction\",\"target\":[\"https:\/\/classic-homes.se\/\"]}]},{\"@type\":\"BreadcrumbList\",\"@id\":\"https:\/\/classic-homes.se\/#breadcrumb\",\"itemListElement\":[{\"@type\":\"ListItem\",\"position\":1,\"name\":\"Hem\",\"item\":\"https:\/\/classic-homes.se\/\"},{\"@type\":\"ListItem\",\"position\":2,\"name\":\"Classic Homes\"}]},{\"@type\":\"WebSite\",\"@id\":\"https:\/\/classic-homes.se\/#website\",\"url\":\"https:\/\/classic-homes.se\/\",\"name\":\"CH - Classic Homes\",\"description\":\"\",\"potentialAction\":[{\"@type\":\"SearchAction\",\"target\":{\"@type\":\"EntryPoint\",\"urlTemplate\":\"https:\/\/classic-homes.se\/?s={search_term_string}\"},\"query-input\":{\"@type\":\"PropertyValueSpecification\",\"valueRequired\":true,\"valueName\":\"search_term_string\"}}],\"inLanguage\":\"sv-SE\"}]}<\/script>\n<!-- \/ Yoast SEO plugin. -->","yoast_head_json":{"title":"Classic Homes - CH - Classic Homes","robots":{"index":"index","follow":"follow","max-snippet":"max-snippet:-1","max-image-preview":"max-image-preview:large","max-video-preview":"max-video-preview:-1"},"canonical":"https:\/\/classic-homes.se\/","og_locale":"sv_SE","og_type":"article","og_title":"Classic Homes - CH - Classic Homes","og_description":"Classic Homes \u00e4r en livsstilsbutik skapad med passion f\u00f6r det som g\u00f6r vardagen varm och personlig. H\u00e4r hittar du inredning som skapar harmoni i hemmet, kl\u00e4der f\u00f6r otroliga kvinnor som vill k\u00e4nna sig b\u00e5de bekv\u00e4ma och sj\u00e4lvs\u00e4kra, samt delikata godsaker som g\u00f6r varje stund lite mer speciell.&nbsp; Vi tror p\u00e5 kvalit\u00e9, k\u00e4nsla och personliga detaljer- [&hellip;]","og_url":"https:\/\/classic-homes.se\/","og_site_name":"CH - Classic Homes","article_modified_time":"2025-11-24T18:31:54+00:00","twitter_card":"summary_large_image","twitter_misc":{"Ber\u00e4knad l\u00e4stid":"1 minut"},"schema":{"@context":"https:\/\/schema.org","@graph":[{"@type":"WebPage","@id":"https:\/\/classic-homes.se\/","url":"https:\/\/classic-homes.se\/","name":"Classic Homes - CH - Classic Homes","isPartOf":{"@id":"https:\/\/classic-homes.se\/#website"},"datePublished":"2025-05-14T08:11:13+00:00","dateModified":"2025-11-24T18:31:54+00:00","breadcrumb":{"@id":"https:\/\/classic-homes.se\/#breadcrumb"},"inLanguage":"sv-SE","potentialAction":[{"@type":"ReadAction","target":["https:\/\/classic-homes.se\/"]}]},{"@type":"BreadcrumbList","@id":"https:\/\/classic-homes.se\/#breadcrumb","itemListElement":[{"@type":"ListItem","position":1,"name":"Hem","item":"https:\/\/classic-homes.se\/"},{"@type":"ListItem","position":2,"name":"Classic Homes"}]},{"@type":"WebSite","@id":"https:\/\/classic-homes.se\/#website","url":"https:\/\/classic-homes.se\/","name":"CH - Classic Homes","description":"","potentialAction":[{"@type":"SearchAction","target":{"@type":"EntryPoint","urlTemplate":"https:\/\/classic-homes.se\/?s={search_term_string}"},"query-input":{"@type":"PropertyValueSpecification","valueRequired":true,"valueName":"search_term_string"}}],"inLanguage":"sv-SE"}]}},"jetpack_sharing_enabled":true,"_links":{"self":[{"href":"https:\/\/classic-homes.se\/index.php?rest_route=\/wp\/v2\/pages\/2","targetHints":{"allow":["GET"]}}],"collection":[{"href":"https:\/\/classic-homes.se\/index.php?rest_route=\/wp\/v2\/pages"}],"about":[{"href":"https:\/\/classic-homes.se\/index.php?rest_route=\/wp\/v2\/types\/page"}],"author":[{"embeddable":true,"href":"https:\/\/classic-homes.se\/index.php?rest_route=\/wp\/v2\/users\/1"}],"replies":[{"embeddable":true,"href":"https:\/\/classic-homes.se\/index.php?rest_route=%2Fwp%2Fv2%2Fcomments&post=2"}],"version-history":[{"count":6,"href":"https:\/\/classic-homes.se\/index.php?rest_route=\/wp\/v2\/pages\/2\/revisions"}],"predecessor-version":[{"id":66,"href":"https:\/\/classic-homes.se\/index.php?rest_route=\/wp\/v2\/pages\/2\/revisions\/66"}],"wp:attachment":[{"href":"https:\/\/classic-homes.se\/index.php?rest_route=%2Fwp%2Fv2%2Fmedia&parent=2"}],"curies":[{"name":"wp","href":"https:\/\/api.w.org\/{rel}","templated":true}]}}